{"id":538,"date":"2015-12-11T10:58:56","date_gmt":"2015-12-11T09:58:56","guid":{"rendered":"http:\/\/d2n.spletster.tk\/de\/services\/mechanical-assembly\/"},"modified":"2015-12-24T15:04:31","modified_gmt":"2015-12-24T14:04:31","slug":"mechanische-montage","status":"publish","type":"page","link":"https:\/\/d2n-tech.com\/de\/leistungen\/mechanische-montage\/","title":{"rendered":"Mechanische Montage"},"content":{"rendered":"\n<style type=\"text\/css\" data-created_by=\"avia_inline_auto\" id=\"style-css-av-av_one_full-737bffb0a9e86d48ccd9c42b04c8a6a0\">\n#top .flex_column.av-av_one_full-737bffb0a9e86d48ccd9c42b04c8a6a0{\nmargin-top:0px;\n}\n.flex_column.av-av_one_full-737bffb0a9e86d48ccd9c42b04c8a6a0{\nborder-radius:0px 0px 0px 0px;\npadding:0px 0px 0px 0px;\n}\n.responsive #top #wrap_all .flex_column.av-av_one_full-737bffb0a9e86d48ccd9c42b04c8a6a0{\nmargin-top:0px;\n}\n<\/style>\n<div  class='flex_column av-av_one_full-737bffb0a9e86d48ccd9c42b04c8a6a0 av_one_full  avia-builder-el-0  el_before_av_textblock  avia-builder-el-first  first flex_column_div av-animated-generic bottom-to-top av-zero-column-padding  '     ><p> \n<style type=\"text\/css\" data-created_by=\"avia_inline_auto\" id=\"style-css-av-av_heading-b421cecb91ffe0e1ec6ca0cc6c3032ef\">\n#top .av-special-heading.av-av_heading-b421cecb91ffe0e1ec6ca0cc6c3032ef{\npadding-bottom:0;\nfont-size:26px;\n}\nbody .av-special-heading.av-av_heading-b421cecb91ffe0e1ec6ca0cc6c3032ef .av-special-heading-tag .heading-char{\nfont-size:25px;\n}\n#top #wrap_all .av-special-heading.av-av_heading-b421cecb91ffe0e1ec6ca0cc6c3032ef .av-special-heading-tag{\nfont-size:26px;\n}\n.av-special-heading.av-av_heading-b421cecb91ffe0e1ec6ca0cc6c3032ef .av-subheading{\nfont-size:15px;\n}\n\n@media only screen and (min-width: 480px) and (max-width: 767px){ \n#top #wrap_all .av-special-heading.av-av_heading-b421cecb91ffe0e1ec6ca0cc6c3032ef .av-special-heading-tag{\nfont-size:0.8em;\n}\n}\n\n@media only screen and (max-width: 479px){ \n#top #wrap_all .av-special-heading.av-av_heading-b421cecb91ffe0e1ec6ca0cc6c3032ef .av-special-heading-tag{\nfont-size:0.8em;\n}\n}\n<\/style>\n<div  class='av-special-heading av-av_heading-b421cecb91ffe0e1ec6ca0cc6c3032ef av-special-heading-h2 blockquote modern-quote  avia-builder-el-1  el_before_av_hr  avia-builder-el-first  av-inherit-size'><h2 class='av-special-heading-tag '  itemprop=\"headline\"  >Mechanische Montage<\/h2><div class=\"special-heading-border\"><div class=\"special-heading-inner-border\"><\/div><\/div><\/div><br \/>\n\n<style type=\"text\/css\" data-created_by=\"avia_inline_auto\" id=\"style-css-av-av_hr-3e128d09911abf776949821b39a02bfe\">\n#top .hr.av-av_hr-3e128d09911abf776949821b39a02bfe{\nmargin-top:10px;\nmargin-bottom:10px;\n}\n.hr.av-av_hr-3e128d09911abf776949821b39a02bfe .hr-inner{\nwidth:50px;\nborder-color:#efbb20;\n}\n<\/style>\n<div  class='hr av-av_hr-3e128d09911abf776949821b39a02bfe hr-custom  avia-builder-el-2  el_after_av_heading  avia-builder-el-last  hr-left hr-icon-no'><span class='hr-inner inner-border-av-border-fat'><span class=\"hr-inner-style\"><\/span><\/span><\/div> <\/p><\/div>\n<section  class='av_textblock_section av-av_textblock-0366cc7376be6c9e82a3e9cc8987b64f '   itemscope=\"itemscope\" itemtype=\"https:\/\/schema.org\/CreativeWork\" ><div class='avia_textblock'  itemprop=\"text\" ><p> Wir bieten mechanische Montage und Installation von neuen Ger\u00e4ten, Umwandlung \/ Fertigstellung der bereits bestehenden Ger\u00e4te, und Instandhaltungsarbeiten in verschiedenen Industriezweigen, einschlie\u00dflich in: Materialhandhabung, Flughafenlogistik, Verfahrenstechnik, Robotertechnik, Metallstrukturen und Photovoltaik. Das Unternehmen D2N Technologies bietet verschiedene Arten von mechanischen Montageleistungen. <\/p>\n<\/div><\/section>\n\n<style type=\"text\/css\" data-created_by=\"avia_inline_auto\" id=\"style-css-av-av_hr-584fa111e9249d1759505ae42314a30b\">\n#top .hr.hr-invisible.av-av_hr-584fa111e9249d1759505ae42314a30b{\nheight:30px;\n}\n<\/style>\n<div  class='hr av-av_hr-584fa111e9249d1759505ae42314a30b hr-invisible  avia-builder-el-4  el_after_av_textblock  el_before_av_textblock '><span class='hr-inner '><span class=\"hr-inner-style\"><\/span><\/span><\/div>\n<section  class='av_textblock_section av-av_textblock-0366cc7376be6c9e82a3e9cc8987b64f '   itemscope=\"itemscope\" itemtype=\"https:\/\/schema.org\/CreativeWork\" ><div class='avia_textblock'  itemprop=\"text\" ><h3>Installation der F\u00f6rder- und Lageranlagen<\/h3>\n<p>Wir haben reiche Erfahrungen f\u00fcr Installation von kompletten F\u00f6rderlinien und Instandhaltungsarbeiten durch eine Projektdurchf\u00fchrung in Logistikzentren, an Flugh\u00e4fen (Paketf\u00f6rderanlagen) und durch technologische Prozesse in der Automobilindustrie gesammelt.<\/p>\n<h3>Montage von Metallkonstruktionen<\/h3>\n<p>Wir bieten Montageleistungen f\u00fcr verschiedene Metallkonstruktionen f\u00fcr die Logistik- und Lagerungsnotwendigkeiten, Industrieanlagen innerhalb Biogaskraftwerken, f\u00fcr die Energieindustrie und die Automobilfertigung.<\/p>\n<h3>Installation von L\u00fcftungs- und Klimaanlagen<\/h3>\n<p>Wir installieren L\u00fcftungs- und Klimaanlagen in Neubauten. Au\u00dferdem f\u00fchren wir die Instandhaltungs- und technischen Servicearbeiten durch, die einen sicheren Betrieb und eine deutliche Energieeinsparung gew\u00e4hrleisten.<\/p>\n<h3>Montage der Rohrleitungen<\/h3>\n<p>Der Wirkungsgrad, die Qualit\u00e4t und die Sicherheit Ihrer Prozessabl\u00e4ufe sind sehr wichtig f\u00fcr unsere industriellen Kunden. Ihre Anforderungen werden durch Bereitstellung von zuverl\u00e4ssigen und dauerhaften Rohrleitungssystemen f\u00fcr Vielzahl von industriellen Anwendungen erf\u00fcllt: von dem Transport der Pressluft, der Gase, des Trinken- und Laborwassers und der aggressiven Prozessfl\u00fcssigkeiten bis zur Chemikaliendosierung, Bioreaktoren und komplexen K\u00fchl- und Heizungssystemen.<\/p>\n<p>Im Rahmen der Projekte k\u00fcmmern wir uns um die Herstellung und Montage der Rohrleitungen, von der Planung, Installation, regelm\u00e4\u00dfige Reinigung bis die Instandhaltung. Wir f\u00fchren die Teilzahlung, Reparatur und Instandhaltung von Rohrleitungssystemen aus, die f\u00fcr die \u00dcbertragung von Dampf-, Heizung-, Wasser-, \u00d6l- und andere Fl\u00fcssigkeit- und Gasinstallation in einem Wohngebiet, in kommerziellen und anderen Installationen verwendet werden.<\/p>\n<h3>Montage von Maschinen und Anlagen<\/h3>\n<p>Aufgrund der st\u00e4ndigen Ver\u00e4nderungen im Unternehmensumfeld und technologischem Fortschritt ist heute die Montage von Maschinen und Anlagen oft eine Folge der Ersatzbeschaffungen oder Umz\u00fcgen. Deswegen bieten wir Ihnen die folgenden Dienstleistungen an:<\/p>\n<ul>\n<li>Demontage, Vorbereitungsarbeit f\u00fcr den Transport der bestehenden Maschinen und Anlagen,<\/li>\n<li>Montage von bestehenden oder neuen Maschinen und Anlagen,<\/li>\n<li>Umzug an einen neuen Standort.<\/li>\n<\/ul>\n<h3>Montage von Robotersystemen<\/h3>\n<p>Der mehrachsige Roboter stellen eine flexible Automatisierungsplattform dar, die leicht erweiterbar und f\u00fcr komplexe Montageanforderungen geeignet ist. Wenn mehrere Aufgaben, unterschiedliche Artikelplatzierungen, komplexe Bewegung oder ausgefeilte Interaktionen erforderlich sind, die F\u00e4higkeiten eines Roboters bieten einen Vorteil gegen\u00fcber traditionellen Hartwerkzeugen. Das Unternehmen D2N Technologies plant und f\u00fchrt professionell die Montage von Robotersystemen in enger Zusammenarbeit mit dem Kunden aus. <\/p>\n<\/div><\/section>\n\n<style type=\"text\/css\" data-created_by=\"avia_inline_auto\" id=\"style-css-av-av_hr-c9ba6ccf0e28539cef079a4b419f7f68\">\n#top .hr.hr-invisible.av-av_hr-c9ba6ccf0e28539cef079a4b419f7f68{\nheight:25px;\n}\n<\/style>\n<div  class='hr av-av_hr-c9ba6ccf0e28539cef079a4b419f7f68 hr-invisible  avia-builder-el-6  el_after_av_textblock  el_before_av_image '><span class='hr-inner '><span class=\"hr-inner-style\"><\/span><\/span><\/div>\n\n<style type=\"text\/css\" data-created_by=\"avia_inline_auto\" id=\"style-css-av-av_image-66ac414991f35748377f54713a4b370f\">\n.avia-image-container.av-av_image-66ac414991f35748377f54713a4b370f img.avia_image{\nbox-shadow:none;\n}\n.avia-image-container.av-av_image-66ac414991f35748377f54713a4b370f .av-image-caption-overlay-center{\ncolor:#ffffff;\n}\n<\/style>\n<div  class='avia-image-container av-av_image-66ac414991f35748377f54713a4b370f av-styling- avia-align-center  avia-builder-el-7  el_after_av_hr  avia-builder-el-last '   itemprop=\"image\" itemscope=\"itemscope\" itemtype=\"https:\/\/schema.org\/ImageObject\" ><div class=\"avia-image-container-inner\"><div class=\"avia-image-overlay-wrap\"><img decoding=\"async\" fetchpriority=\"high\" class='wp-image- avia-img-lazy-loading-not- avia_image ' src=\"https:\/\/d2n-tech.com\/wp-content\/uploads\/2015\/12\/Mechanical-Assembly-D2N-1030x553.jpg\" alt='' title=''   itemprop=\"thumbnailUrl\"  \/><\/div><\/div><\/div>\n","protected":false},"excerpt":{"rendered":"","protected":false},"author":1,"featured_media":0,"parent":528,"menu_order":6,"comment_status":"closed","ping_status":"closed","template":"","meta":{"iawp_total_views":35,"footnotes":""},"class_list":["post-538","page","type-page","status-publish","hentry"],"yoast_head":"<!-- This site is optimized with the Yoast SEO plugin v25.4 - https:\/\/yoast.com\/wordpress\/plugins\/seo\/ -->\n<title>Mechanische Montage - D2N Technologies<\/title>\n<meta name=\"robots\" content=\"index, follow, max-snippet:-1, max-image-preview:large, max-video-preview:-1\" \/>\n<link rel=\"canonical\" href=\"https:\/\/d2n-tech.com\/de\/leistungen\/mechanische-montage\/\" \/>\n<meta property=\"og:locale\" content=\"de_DE\" \/>\n<meta property=\"og:type\" content=\"article\" \/>\n<meta property=\"og:title\" content=\"Mechanische Montage - D2N Technologies\" \/>\n<meta property=\"og:url\" content=\"https:\/\/d2n-tech.com\/de\/leistungen\/mechanische-montage\/\" \/>\n<meta property=\"og:site_name\" content=\"D2N Technologies\" \/>\n<meta property=\"article:modified_time\" content=\"2015-12-24T14:04:31+00:00\" \/>\n<meta name=\"twitter:card\" content=\"summary_large_image\" \/>\n<meta name=\"twitter:label1\" content=\"Gesch\u00e4tzte Lesezeit\" \/>\n\t<meta name=\"twitter:data1\" content=\"3\u00a0Minuten\" \/>\n<script type=\"application\/ld+json\" class=\"yoast-schema-graph\">{\"@context\":\"https:\/\/schema.org\",\"@graph\":[{\"@type\":\"WebPage\",\"@id\":\"https:\/\/d2n-tech.com\/de\/leistungen\/mechanische-montage\/\",\"url\":\"https:\/\/d2n-tech.com\/de\/leistungen\/mechanische-montage\/\",\"name\":\"Mechanische Montage - D2N Technologies\",\"isPartOf\":{\"@id\":\"https:\/\/d2n-tech.com\/#website\"},\"datePublished\":\"2015-12-11T09:58:56+00:00\",\"dateModified\":\"2015-12-24T14:04:31+00:00\",\"breadcrumb\":{\"@id\":\"https:\/\/d2n-tech.com\/de\/leistungen\/mechanische-montage\/#breadcrumb\"},\"inLanguage\":\"de\",\"potentialAction\":[{\"@type\":\"ReadAction\",\"target\":[\"https:\/\/d2n-tech.com\/de\/leistungen\/mechanische-montage\/\"]}]},{\"@type\":\"BreadcrumbList\",\"@id\":\"https:\/\/d2n-tech.com\/de\/leistungen\/mechanische-montage\/#breadcrumb\",\"itemListElement\":[{\"@type\":\"ListItem\",\"position\":1,\"name\":\"Home\",\"item\":\"https:\/\/d2n-tech.com\/de\/startseite\/\"},{\"@type\":\"ListItem\",\"position\":2,\"name\":\"Leistungen\",\"item\":\"https:\/\/d2n-tech.com\/de\/leistungen\/\"},{\"@type\":\"ListItem\",\"position\":3,\"name\":\"Mechanische Montage\"}]},{\"@type\":\"WebSite\",\"@id\":\"https:\/\/d2n-tech.com\/#website\",\"url\":\"https:\/\/d2n-tech.com\/\",\"name\":\"D2N Technologies\",\"description\":\"D2N Technologies is a privately owned engineering company with several years of experience in industrial plants worldwide.\",\"publisher\":{\"@id\":\"https:\/\/d2n-tech.com\/#organization\"},\"potentialAction\":[{\"@type\":\"SearchAction\",\"target\":{\"@type\":\"EntryPoint\",\"urlTemplate\":\"https:\/\/d2n-tech.com\/?s={search_term_string}\"},\"query-input\":{\"@type\":\"PropertyValueSpecification\",\"valueRequired\":true,\"valueName\":\"search_term_string\"}}],\"inLanguage\":\"de\"},{\"@type\":\"Organization\",\"@id\":\"https:\/\/d2n-tech.com\/#organization\",\"name\":\"D2N Technologies LLC\",\"url\":\"https:\/\/d2n-tech.com\/\",\"logo\":{\"@type\":\"ImageObject\",\"inLanguage\":\"de\",\"@id\":\"https:\/\/d2n-tech.com\/#\/schema\/logo\/image\/\",\"url\":\"https:\/\/d2n-tech.com\/wp-content\/uploads\/2015\/12\/cropped-fav.png\",\"contentUrl\":\"https:\/\/d2n-tech.com\/wp-content\/uploads\/2015\/12\/cropped-fav.png\",\"width\":512,\"height\":512,\"caption\":\"D2N Technologies LLC\"},\"image\":{\"@id\":\"https:\/\/d2n-tech.com\/#\/schema\/logo\/image\/\"}}]}<\/script>\n<!-- \/ Yoast SEO plugin. -->","yoast_head_json":{"title":"Mechanische Montage - D2N Technologies","robots":{"index":"index","follow":"follow","max-snippet":"max-snippet:-1","max-image-preview":"max-image-preview:large","max-video-preview":"max-video-preview:-1"},"canonical":"https:\/\/d2n-tech.com\/de\/leistungen\/mechanische-montage\/","og_locale":"de_DE","og_type":"article","og_title":"Mechanische Montage - D2N Technologies","og_url":"https:\/\/d2n-tech.com\/de\/leistungen\/mechanische-montage\/","og_site_name":"D2N Technologies","article_modified_time":"2015-12-24T14:04:31+00:00","twitter_card":"summary_large_image","twitter_misc":{"Gesch\u00e4tzte Lesezeit":"3\u00a0Minuten"},"schema":{"@context":"https:\/\/schema.org","@graph":[{"@type":"WebPage","@id":"https:\/\/d2n-tech.com\/de\/leistungen\/mechanische-montage\/","url":"https:\/\/d2n-tech.com\/de\/leistungen\/mechanische-montage\/","name":"Mechanische Montage - D2N Technologies","isPartOf":{"@id":"https:\/\/d2n-tech.com\/#website"},"datePublished":"2015-12-11T09:58:56+00:00","dateModified":"2015-12-24T14:04:31+00:00","breadcrumb":{"@id":"https:\/\/d2n-tech.com\/de\/leistungen\/mechanische-montage\/#breadcrumb"},"inLanguage":"de","potentialAction":[{"@type":"ReadAction","target":["https:\/\/d2n-tech.com\/de\/leistungen\/mechanische-montage\/"]}]},{"@type":"BreadcrumbList","@id":"https:\/\/d2n-tech.com\/de\/leistungen\/mechanische-montage\/#breadcrumb","itemListElement":[{"@type":"ListItem","position":1,"name":"Home","item":"https:\/\/d2n-tech.com\/de\/startseite\/"},{"@type":"ListItem","position":2,"name":"Leistungen","item":"https:\/\/d2n-tech.com\/de\/leistungen\/"},{"@type":"ListItem","position":3,"name":"Mechanische Montage"}]},{"@type":"WebSite","@id":"https:\/\/d2n-tech.com\/#website","url":"https:\/\/d2n-tech.com\/","name":"D2N Technologies","description":"D2N Technologies is a privately owned engineering company with several years of experience in industrial plants worldwide.","publisher":{"@id":"https:\/\/d2n-tech.com\/#organization"},"potentialAction":[{"@type":"SearchAction","target":{"@type":"EntryPoint","urlTemplate":"https:\/\/d2n-tech.com\/?s={search_term_string}"},"query-input":{"@type":"PropertyValueSpecification","valueRequired":true,"valueName":"search_term_string"}}],"inLanguage":"de"},{"@type":"Organization","@id":"https:\/\/d2n-tech.com\/#organization","name":"D2N Technologies LLC","url":"https:\/\/d2n-tech.com\/","logo":{"@type":"ImageObject","inLanguage":"de","@id":"https:\/\/d2n-tech.com\/#\/schema\/logo\/image\/","url":"https:\/\/d2n-tech.com\/wp-content\/uploads\/2015\/12\/cropped-fav.png","contentUrl":"https:\/\/d2n-tech.com\/wp-content\/uploads\/2015\/12\/cropped-fav.png","width":512,"height":512,"caption":"D2N Technologies LLC"},"image":{"@id":"https:\/\/d2n-tech.com\/#\/schema\/logo\/image\/"}}]}},"_links":{"self":[{"href":"https:\/\/d2n-tech.com\/de\/wp-json\/wp\/v2\/pages\/538","targetHints":{"allow":["GET"]}}],"collection":[{"href":"https:\/\/d2n-tech.com\/de\/wp-json\/wp\/v2\/pages"}],"about":[{"href":"https:\/\/d2n-tech.com\/de\/wp-json\/wp\/v2\/types\/page"}],"author":[{"embeddable":true,"href":"https:\/\/d2n-tech.com\/de\/wp-json\/wp\/v2\/users\/1"}],"replies":[{"embeddable":true,"href":"https:\/\/d2n-tech.com\/de\/wp-json\/wp\/v2\/comments?post=538"}],"version-history":[{"count":10,"href":"https:\/\/d2n-tech.com\/de\/wp-json\/wp\/v2\/pages\/538\/revisions"}],"predecessor-version":[{"id":663,"href":"https:\/\/d2n-tech.com\/de\/wp-json\/wp\/v2\/pages\/538\/revisions\/663"}],"up":[{"embeddable":true,"href":"https:\/\/d2n-tech.com\/de\/wp-json\/wp\/v2\/pages\/528"}],"wp:attachment":[{"href":"https:\/\/d2n-tech.com\/de\/wp-json\/wp\/v2\/media?parent=538"}],"curies":[{"name":"wp","href":"https:\/\/api.w.org\/{rel}","templated":true}]}}